{"id":1022,"date":"2025-03-16T21:53:03","date_gmt":"2025-03-16T20:53:03","guid":{"rendered":"https:\/\/dtcenter.tn\/?page_id=1022"},"modified":"2025-07-25T09:34:58","modified_gmt":"2025-07-25T07:34:58","slug":"a-propos","status":"publish","type":"page","link":"https:\/\/dtcenter.tn\/en\/a-propos\/","title":{"rendered":"about us"},"content":{"rendered":"<div data-elementor-type=\"wp-page\" data-elementor-id=\"1022\" class=\"elementor elementor-1022\">\n\t\t\t\t\t\t<section class=\"elementor-section elementor-top-section elementor-element elementor-element-1e43b49f elementor-section-boxed elementor-section-height-default elementor-section-height-default\" data-id=\"1e43b49f\" data-element_type=\"section\" data-e-type=\"section\" data-settings=\"{&quot;background_background&quot;:&quot;classic&quot;}\">\n\t\t\t\t\t\t\t<div class=\"elementor-background-overlay\"><\/div>\n\t\t\t\t\t\t\t<div class=\"elementor-container elementor-column-gap-default\">\n\t\t\t\t\t<div class=\"elementor-column elementor-col-100 elementor-top-column elementor-element elementor-element-57343269\" data-id=\"57343269\" data-element_type=\"column\" data-e-type=\"column\">\n\t\t\t<div class=\"elementor-widget-wrap elementor-element-populated\">\n\t\t\t\t\t\t<div class=\"elementor-element elementor-element-6446d418 elementor-widget__width-initial elementor-invisible elementor-widget elementor-widget-elementskit-heading\" data-id=\"6446d418\" data-element_type=\"widget\" data-e-type=\"widget\" data-settings=\"{&quot;_animation&quot;:&quot;zoomIn&quot;}\" data-widget_type=\"elementskit-heading.default\">\n\t\t\t\t<div class=\"elementor-widget-container\">\n\t\t\t\t\t<div class=\"ekit-wid-con\" ><div class=\"ekit-heading elementskit-section-title-wraper text_center   ekit_heading_tablet-   ekit_heading_mobile-\"><h3 class=\"elementskit-section-subtitle\">\n\t\t\t\t\t\tDREAM TRAINING CENTER\n\t\t\t\t\t<\/h3><h2 class=\"ekit-heading--title elementskit-section-title\">About Us<\/h2><\/div><\/div>\t\t\t\t<\/div>\n\t\t\t\t<\/div>\n\t\t\t\t\t<\/div>\n\t\t<\/div>\n\t\t\t\t\t<\/div>\n\t\t<\/section>\n\t\t<div class=\"elementor-element elementor-element-13221ff e-flex e-con-boxed e-con e-parent\" data-id=\"13221ff\" data-element_type=\"container\" data-e-type=\"container\">\n\t\t\t\t\t<div class=\"e-con-inner\">\n\t\t<div class=\"elementor-element elementor-element-76d1b58 e-con-full e-flex e-con e-child\" data-id=\"76d1b58\" data-element_type=\"container\" data-e-type=\"container\">\n\t\t<div class=\"elementor-element elementor-element-d2edf76 e-flex e-con-boxed e-con e-child\" data-id=\"d2edf76\" data-element_type=\"container\" data-e-type=\"container\">\n\t\t\t\t\t<div class=\"e-con-inner\">\n\t\t<div class=\"elementor-element elementor-element-f74f52a e-con-full e-flex e-con e-child\" data-id=\"f74f52a\" data-element_type=\"container\" data-e-type=\"container\" data-settings=\"{&quot;background_background&quot;:&quot;classic&quot;}\">\n\t\t\t\t<div class=\"elementor-element elementor-element-de40b9f elementor-widget elementor-widget-image\" data-id=\"de40b9f\" data-element_type=\"widget\" data-e-type=\"widget\" data-widget_type=\"image.default\">\n\t\t\t\t<div class=\"elementor-widget-container\">\n\t\t\t\t\t\t\t\t\t\t\t\t\t\t\t<img fetchpriority=\"high\" decoding=\"async\" width=\"2250\" height=\"2388\" src=\"https:\/\/dtcenter.tn\/wp-content\/uploads\/2025\/03\/Qui-Sommes-Nous.webp\" class=\"attachment-full size-full wp-image-1026\" alt=\"\" srcset=\"https:\/\/dtcenter.tn\/wp-content\/uploads\/2025\/03\/Qui-Sommes-Nous.webp 2250w, https:\/\/dtcenter.tn\/wp-content\/uploads\/2025\/03\/Qui-Sommes-Nous-283x300.webp 283w, https:\/\/dtcenter.tn\/wp-content\/uploads\/2025\/03\/Qui-Sommes-Nous-965x1024.webp 965w, https:\/\/dtcenter.tn\/wp-content\/uploads\/2025\/03\/Qui-Sommes-Nous-768x815.webp 768w, https:\/\/dtcenter.tn\/wp-content\/uploads\/2025\/03\/Qui-Sommes-Nous-1447x1536.webp 1447w, https:\/\/dtcenter.tn\/wp-content\/uploads\/2025\/03\/Qui-Sommes-Nous-1930x2048.webp 1930w\" sizes=\"(max-width: 2250px) 100vw, 2250px\" \/>\t\t\t\t\t\t\t\t\t\t\t\t\t\t\t<\/div>\n\t\t\t\t<\/div>\n\t\t\t\t<\/div>\n\t\t<div class=\"elementor-element elementor-element-32eddc3 e-con-full e-flex e-con e-child\" data-id=\"32eddc3\" data-element_type=\"container\" data-e-type=\"container\">\n\t\t\t\t<div class=\"elementor-element elementor-element-261ba39 elementor-widget elementor-widget-heading\" data-id=\"261ba39\" data-element_type=\"widget\" data-e-type=\"widget\" data-widget_type=\"heading.default\">\n\t\t\t\t<div class=\"elementor-widget-container\">\n\t\t\t\t\t<h6 class=\"elementor-heading-title elementor-size-default\">who are we?<\/h6>\t\t\t\t<\/div>\n\t\t\t\t<\/div>\n\t\t\t\t<div class=\"elementor-element elementor-element-2be5a67 elementor-widget elementor-widget-heading\" data-id=\"2be5a67\" data-element_type=\"widget\" data-e-type=\"widget\" data-widget_type=\"heading.default\">\n\t\t\t\t<div class=\"elementor-widget-container\">\n\t\t\t\t\t<h2 class=\"elementor-heading-title elementor-size-default\">DREAM TRAINING CENTER<\/h2>\t\t\t\t<\/div>\n\t\t\t\t<\/div>\n\t\t\t\t<div class=\"elementor-element elementor-element-e3b7d3d elementor-widget elementor-widget-text-editor\" data-id=\"e3b7d3d\" data-element_type=\"widget\" data-e-type=\"widget\" data-widget_type=\"text-editor.default\">\n\t\t\t\t<div class=\"elementor-widget-container\">\n\t\t\t\t\t\t\t\t\t<p>Since its creation in 2020, Dream Training Center has established itself as a key player in the field of audiovisual and digital marketing training in Tunisia.<\/p><p>Today, we are blowing out our 5th candle, a symbolic milestone that testifies to our commitment, expertise and the trust placed in us by our customers and partners.<\/p><p>Approved by the Tunisian government, Dream Training Center offers intensive, hands-on training by expert instructors to meet the needs of students, retraining professionals and companies.<\/p>\t\t\t\t\t\t\t\t<\/div>\n\t\t\t\t<\/div>\n\t\t\t\t<\/div>\n\t\t\t\t\t<\/div>\n\t\t\t\t<\/div>\n\t\t<div class=\"elementor-element elementor-element-f067a6f e-flex e-con-boxed e-con e-child\" data-id=\"f067a6f\" data-element_type=\"container\" data-e-type=\"container\">\n\t\t\t\t\t<div class=\"e-con-inner\">\n\t\t<div class=\"elementor-element elementor-element-2287200 e-con-full e-flex e-con e-child\" data-id=\"2287200\" data-element_type=\"container\" data-e-type=\"container\">\n\t\t\t\t<div class=\"elementor-element elementor-element-c3f70c2 elementor-widget elementor-widget-heading\" data-id=\"c3f70c2\" data-element_type=\"widget\" data-e-type=\"widget\" data-widget_type=\"heading.default\">\n\t\t\t\t<div class=\"elementor-widget-container\">\n\t\t\t\t\t<h6 class=\"elementor-heading-title elementor-size-default\">WHY CHOOSE US?<\/h6>\t\t\t\t<\/div>\n\t\t\t\t<\/div>\n\t\t\t\t<div class=\"elementor-element elementor-element-bb9680b elementor-widget__width-initial elementor-widget elementor-widget-heading\" data-id=\"bb9680b\" data-element_type=\"widget\" data-e-type=\"widget\" data-widget_type=\"heading.default\">\n\t\t\t\t<div class=\"elementor-widget-container\">\n\t\t\t\t\t<h2 class=\"elementor-heading-title elementor-size-default\">Formations intensives &amp; pratiques<\/h2>\t\t\t\t<\/div>\n\t\t\t\t<\/div>\n\t\t\t\t<div class=\"elementor-element elementor-element-d1857d5 elementor-widget elementor-widget-text-editor\" data-id=\"d1857d5\" data-element_type=\"widget\" data-e-type=\"widget\" data-widget_type=\"text-editor.default\">\n\t\t\t\t<div class=\"elementor-widget-container\">\n\t\t\t\t\t\t\t\t\t<p>Over the years, we have supported hundreds of learners, developed strong partnerships and expanded our offer to include professional audiovisual services.<\/p><p>Our success is based on a learner-centered approach, state-of-the-art equipment and a shared passion for innovation and creativity.<\/p><p>Join us and become part of a community that turns dreams into reality. At Dream Training Center, your future begins here.<\/p>\t\t\t\t\t\t\t\t<\/div>\n\t\t\t\t<\/div>\n\t\t\t\t<\/div>\n\t\t<div class=\"elementor-element elementor-element-6a5b05f e-con-full e-flex e-con e-child\" data-id=\"6a5b05f\" data-element_type=\"container\" data-e-type=\"container\" data-settings=\"{&quot;background_background&quot;:&quot;classic&quot;}\">\n\t\t\t\t<div class=\"elementor-element elementor-element-dd48e5e elementor-widget elementor-widget-image\" data-id=\"dd48e5e\" data-element_type=\"widget\" data-e-type=\"widget\" data-widget_type=\"image.default\">\n\t\t\t\t<div class=\"elementor-widget-container\">\n\t\t\t\t\t\t\t\t\t\t\t\t\t\t\t<img decoding=\"async\" width=\"2250\" height=\"2388\" src=\"https:\/\/dtcenter.tn\/wp-content\/uploads\/2025\/03\/pourquoi-choisir-dream-training-Center.webp\" class=\"attachment-full size-full wp-image-1027\" alt=\"\" srcset=\"https:\/\/dtcenter.tn\/wp-content\/uploads\/2025\/03\/pourquoi-choisir-dream-training-Center.webp 2250w, https:\/\/dtcenter.tn\/wp-content\/uploads\/2025\/03\/pourquoi-choisir-dream-training-Center-283x300.webp 283w, https:\/\/dtcenter.tn\/wp-content\/uploads\/2025\/03\/pourquoi-choisir-dream-training-Center-965x1024.webp 965w, https:\/\/dtcenter.tn\/wp-content\/uploads\/2025\/03\/pourquoi-choisir-dream-training-Center-768x815.webp 768w, https:\/\/dtcenter.tn\/wp-content\/uploads\/2025\/03\/pourquoi-choisir-dream-training-Center-1447x1536.webp 1447w, https:\/\/dtcenter.tn\/wp-content\/uploads\/2025\/03\/pourquoi-choisir-dream-training-Center-1930x2048.webp 1930w\" sizes=\"(max-width: 2250px) 100vw, 2250px\" \/>\t\t\t\t\t\t\t\t\t\t\t\t\t\t\t<\/div>\n\t\t\t\t<\/div>\n\t\t\t\t<\/div>\n\t\t\t\t\t<\/div>\n\t\t\t\t<\/div>\n\t\t\t\t<\/div>\n\t\t\t\t\t<\/div>\n\t\t\t\t<\/div>\n\t\t\t\t<section class=\"elementor-section elementor-top-section elementor-element elementor-element-6zyu8jf elementor-section-boxed elementor-section-height-default elementor-section-height-default\" data-id=\"6zyu8jf\" data-element_type=\"section\" data-e-type=\"section\" data-settings=\"{&quot;background_background&quot;:&quot;classic&quot;}\">\n\t\t\t\t\t\t<div class=\"elementor-container elementor-column-gap-no\">\n\t\t\t\t\t<div class=\"elementor-column elementor-col-100 elementor-top-column elementor-element elementor-element-3edb3e6\" data-id=\"3edb3e6\" data-element_type=\"column\" data-e-type=\"column\">\n\t\t\t<div class=\"elementor-widget-wrap elementor-element-populated\">\n\t\t\t\t\t\t<section class=\"elementor-section elementor-inner-section elementor-element elementor-element-7dff22d elementor-section-boxed elementor-section-height-default elementor-section-height-default\" data-id=\"7dff22d\" data-element_type=\"section\" data-e-type=\"section\">\n\t\t\t\t\t\t<div class=\"elementor-container elementor-column-gap-no\">\n\t\t\t\t\t<div class=\"elementor-column elementor-col-100 elementor-inner-column elementor-element elementor-element-8239038\" data-id=\"8239038\" data-element_type=\"column\" data-e-type=\"column\">\n\t\t\t<div class=\"elementor-widget-wrap elementor-element-populated\">\n\t\t\t\t\t\t<div class=\"elementor-element elementor-element-3ba1138 elementor-widget elementor-widget-heading\" data-id=\"3ba1138\" data-element_type=\"widget\" data-e-type=\"widget\" data-widget_type=\"heading.default\">\n\t\t\t\t<div class=\"elementor-widget-container\">\n\t\t\t\t\t<h2 class=\"elementor-heading-title elementor-size-default\">Leadership<\/h2>\t\t\t\t<\/div>\n\t\t\t\t<\/div>\n\t\t\t\t<div class=\"elementor-element elementor-element-3142ef1 elementor-widget elementor-widget-text-editor\" data-id=\"3142ef1\" data-element_type=\"widget\" data-e-type=\"widget\" data-widget_type=\"text-editor.default\">\n\t\t\t\t<div class=\"elementor-widget-container\">\n\t\t\t\t\t\t\t\t\t<p class=\"translation-block\">At <strong>Dream Training Center<\/strong>, our strength lies in our dynamic, passionate &amp; committed team.<\/p>\t\t\t\t\t\t\t\t<\/div>\n\t\t\t\t<\/div>\n\t\t\t\t\t<\/div>\n\t\t<\/div>\n\t\t\t\t\t<\/div>\n\t\t<\/section>\n\t\t\t\t<section class=\"elementor-section elementor-inner-section elementor-element elementor-element-f18eb3f elementor-section-boxed elementor-section-height-default elementor-section-height-default\" data-id=\"f18eb3f\" data-element_type=\"section\" data-e-type=\"section\">\n\t\t\t\t\t\t<div class=\"elementor-container elementor-column-gap-no\">\n\t\t\t\t\t<div class=\"elementor-column elementor-col-33 elementor-inner-column elementor-element elementor-element-e6adec4\" data-id=\"e6adec4\" data-element_type=\"column\" data-e-type=\"column\" data-settings=\"{&quot;background_background&quot;:&quot;classic&quot;}\">\n\t\t\t<div class=\"elementor-widget-wrap elementor-element-populated\">\n\t\t\t\t\t\t<div class=\"elementor-element elementor-element-e805f7f elementor-widget elementor-widget-image\" data-id=\"e805f7f\" data-element_type=\"widget\" data-e-type=\"widget\" data-widget_type=\"image.default\">\n\t\t\t\t<div class=\"elementor-widget-container\">\n\t\t\t\t\t\t\t\t\t\t\t\t\t\t\t<img decoding=\"async\" width=\"300\" height=\"300\" src=\"https:\/\/dtcenter.tn\/wp-content\/uploads\/2025\/04\/Aida.webp\" class=\"attachment-large size-large wp-image-1401\" alt=\"\" srcset=\"https:\/\/dtcenter.tn\/wp-content\/uploads\/2025\/04\/Aida.webp 300w, https:\/\/dtcenter.tn\/wp-content\/uploads\/2025\/04\/Aida-150x150.webp 150w, https:\/\/dtcenter.tn\/wp-content\/uploads\/2025\/04\/Aida-12x12.webp 12w\" sizes=\"(max-width: 300px) 100vw, 300px\" \/>\t\t\t\t\t\t\t\t\t\t\t\t\t\t\t<\/div>\n\t\t\t\t<\/div>\n\t\t\t\t<div class=\"elementor-element elementor-element-01f0e61 elementor-widget elementor-widget-image-box\" data-id=\"01f0e61\" data-element_type=\"widget\" data-e-type=\"widget\" data-widget_type=\"image-box.default\">\n\t\t\t\t<div class=\"elementor-widget-container\">\n\t\t\t\t\t<div class=\"elementor-image-box-wrapper\"><div class=\"elementor-image-box-content\"><h5 class=\"elementor-image-box-title\">Aida Sassi<\/h5><p class=\"elementor-image-box-description\">Ceo &amp; Founder<\/p><\/div><\/div>\t\t\t\t<\/div>\n\t\t\t\t<\/div>\n\t\t\t\t\t<\/div>\n\t\t<\/div>\n\t\t\t\t<div class=\"elementor-column elementor-col-33 elementor-inner-column elementor-element elementor-element-2bc4da6\" data-id=\"2bc4da6\" data-element_type=\"column\" data-e-type=\"column\" data-settings=\"{&quot;background_background&quot;:&quot;classic&quot;}\">\n\t\t\t<div class=\"elementor-widget-wrap elementor-element-populated\">\n\t\t\t\t\t\t<div class=\"elementor-element elementor-element-2eea929 elementor-widget elementor-widget-image\" data-id=\"2eea929\" data-element_type=\"widget\" data-e-type=\"widget\" data-widget_type=\"image.default\">\n\t\t\t\t<div class=\"elementor-widget-container\">\n\t\t\t\t\t\t\t\t\t\t\t\t\t\t\t<img loading=\"lazy\" decoding=\"async\" width=\"300\" height=\"300\" src=\"https:\/\/dtcenter.tn\/wp-content\/uploads\/2025\/04\/Fathi-mzergui.webp\" class=\"attachment-large size-large wp-image-1396\" alt=\"\" srcset=\"https:\/\/dtcenter.tn\/wp-content\/uploads\/2025\/04\/Fathi-mzergui.webp 300w, https:\/\/dtcenter.tn\/wp-content\/uploads\/2025\/04\/Fathi-mzergui-150x150.webp 150w, https:\/\/dtcenter.tn\/wp-content\/uploads\/2025\/04\/Fathi-mzergui-12x12.webp 12w\" sizes=\"(max-width: 300px) 100vw, 300px\" \/>\t\t\t\t\t\t\t\t\t\t\t\t\t\t\t<\/div>\n\t\t\t\t<\/div>\n\t\t\t\t<div class=\"elementor-element elementor-element-e5e3dfc elementor-widget elementor-widget-image-box\" data-id=\"e5e3dfc\" data-element_type=\"widget\" data-e-type=\"widget\" data-widget_type=\"image-box.default\">\n\t\t\t\t<div class=\"elementor-widget-container\">\n\t\t\t\t\t<div class=\"elementor-image-box-wrapper\"><div class=\"elementor-image-box-content\"><h5 class=\"elementor-image-box-title\">Fathi Mzergui<\/h5><p class=\"elementor-image-box-description\">Co-Founder<\/p><\/div><\/div>\t\t\t\t<\/div>\n\t\t\t\t<\/div>\n\t\t\t\t\t<\/div>\n\t\t<\/div>\n\t\t\t\t<div class=\"elementor-column elementor-col-33 elementor-inner-column elementor-element elementor-element-d475267\" data-id=\"d475267\" data-element_type=\"column\" data-e-type=\"column\" data-settings=\"{&quot;background_background&quot;:&quot;classic&quot;}\">\n\t\t\t<div class=\"elementor-widget-wrap elementor-element-populated\">\n\t\t\t\t\t\t<div class=\"elementor-element elementor-element-65a6136 elementor-widget elementor-widget-image\" data-id=\"65a6136\" data-element_type=\"widget\" data-e-type=\"widget\" data-widget_type=\"image.default\">\n\t\t\t\t<div class=\"elementor-widget-container\">\n\t\t\t\t\t\t\t\t\t\t\t\t\t\t\t<img loading=\"lazy\" decoding=\"async\" width=\"300\" height=\"300\" src=\"https:\/\/dtcenter.tn\/wp-content\/uploads\/2025\/03\/bassam-khazri.webp\" class=\"attachment-large size-large wp-image-1037\" alt=\"\" srcset=\"https:\/\/dtcenter.tn\/wp-content\/uploads\/2025\/03\/bassam-khazri.webp 300w, https:\/\/dtcenter.tn\/wp-content\/uploads\/2025\/03\/bassam-khazri-150x150.webp 150w\" sizes=\"(max-width: 300px) 100vw, 300px\" \/>\t\t\t\t\t\t\t\t\t\t\t\t\t\t\t<\/div>\n\t\t\t\t<\/div>\n\t\t\t\t<div class=\"elementor-element elementor-element-488daff elementor-widget elementor-widget-image-box\" data-id=\"488daff\" data-element_type=\"widget\" data-e-type=\"widget\" data-widget_type=\"image-box.default\">\n\t\t\t\t<div class=\"elementor-widget-container\">\n\t\t\t\t\t<div class=\"elementor-image-box-wrapper\"><div class=\"elementor-image-box-content\"><h5 class=\"elementor-image-box-title\">Bassam Khazri<\/h5><p class=\"elementor-image-box-description\">Artistic Director<\/p><\/div><\/div>\t\t\t\t<\/div>\n\t\t\t\t<\/div>\n\t\t\t\t\t<\/div>\n\t\t<\/div>\n\t\t\t\t\t<\/div>\n\t\t<\/section>\n\t\t\t\t<section class=\"elementor-section elementor-inner-section elementor-element elementor-element-547234a elementor-section-boxed elementor-section-height-default elementor-section-height-default\" data-id=\"547234a\" data-element_type=\"section\" data-e-type=\"section\">\n\t\t\t\t\t\t<div class=\"elementor-container elementor-column-gap-no\">\n\t\t\t\t\t<div class=\"elementor-column elementor-col-33 elementor-inner-column elementor-element elementor-element-fd48b17\" data-id=\"fd48b17\" data-element_type=\"column\" data-e-type=\"column\" data-settings=\"{&quot;background_background&quot;:&quot;classic&quot;}\">\n\t\t\t<div class=\"elementor-widget-wrap elementor-element-populated\">\n\t\t\t\t\t\t<div class=\"elementor-element elementor-element-2958b70 elementor-widget elementor-widget-image\" data-id=\"2958b70\" data-element_type=\"widget\" data-e-type=\"widget\" data-widget_type=\"image.default\">\n\t\t\t\t<div class=\"elementor-widget-container\">\n\t\t\t\t\t\t\t\t\t\t\t\t\t\t\t<img loading=\"lazy\" decoding=\"async\" width=\"300\" height=\"300\" src=\"https:\/\/dtcenter.tn\/wp-content\/uploads\/2025\/07\/ahmed-fessi.webp\" class=\"attachment-large size-large wp-image-1416\" alt=\"\" srcset=\"https:\/\/dtcenter.tn\/wp-content\/uploads\/2025\/07\/ahmed-fessi.webp 300w, https:\/\/dtcenter.tn\/wp-content\/uploads\/2025\/07\/ahmed-fessi-150x150.webp 150w, https:\/\/dtcenter.tn\/wp-content\/uploads\/2025\/07\/ahmed-fessi-12x12.webp 12w\" sizes=\"(max-width: 300px) 100vw, 300px\" \/>\t\t\t\t\t\t\t\t\t\t\t\t\t\t\t<\/div>\n\t\t\t\t<\/div>\n\t\t\t\t<div class=\"elementor-element elementor-element-5ea50d1 elementor-widget elementor-widget-image-box\" data-id=\"5ea50d1\" data-element_type=\"widget\" data-e-type=\"widget\" data-widget_type=\"image-box.default\">\n\t\t\t\t<div class=\"elementor-widget-container\">\n\t\t\t\t\t<div class=\"elementor-image-box-wrapper\"><div class=\"elementor-image-box-content\"><h5 class=\"elementor-image-box-title\">Ahmed Fessi<\/h5><p class=\"elementor-image-box-description\">Video Editing<\/p><\/div><\/div>\t\t\t\t<\/div>\n\t\t\t\t<\/div>\n\t\t\t\t\t<\/div>\n\t\t<\/div>\n\t\t\t\t<div class=\"elementor-column elementor-col-33 elementor-inner-column elementor-element elementor-element-4a9e987\" data-id=\"4a9e987\" data-element_type=\"column\" data-e-type=\"column\" data-settings=\"{&quot;background_background&quot;:&quot;classic&quot;}\">\n\t\t\t<div class=\"elementor-widget-wrap elementor-element-populated\">\n\t\t\t\t\t\t<div class=\"elementor-element elementor-element-4d8a2cb elementor-widget elementor-widget-image\" data-id=\"4d8a2cb\" data-element_type=\"widget\" data-e-type=\"widget\" data-widget_type=\"image.default\">\n\t\t\t\t<div class=\"elementor-widget-container\">\n\t\t\t\t\t\t\t\t\t\t\t\t\t\t\t<img loading=\"lazy\" decoding=\"async\" width=\"300\" height=\"300\" src=\"https:\/\/dtcenter.tn\/wp-content\/uploads\/2025\/07\/iness-fennia.webp\" class=\"attachment-large size-large wp-image-1417\" alt=\"\" srcset=\"https:\/\/dtcenter.tn\/wp-content\/uploads\/2025\/07\/iness-fennia.webp 300w, https:\/\/dtcenter.tn\/wp-content\/uploads\/2025\/07\/iness-fennia-150x150.webp 150w, https:\/\/dtcenter.tn\/wp-content\/uploads\/2025\/07\/iness-fennia-12x12.webp 12w\" sizes=\"(max-width: 300px) 100vw, 300px\" \/>\t\t\t\t\t\t\t\t\t\t\t\t\t\t\t<\/div>\n\t\t\t\t<\/div>\n\t\t\t\t<div class=\"elementor-element elementor-element-5d314cb elementor-widget elementor-widget-image-box\" data-id=\"5d314cb\" data-element_type=\"widget\" data-e-type=\"widget\" data-widget_type=\"image-box.default\">\n\t\t\t\t<div class=\"elementor-widget-container\">\n\t\t\t\t\t<div class=\"elementor-image-box-wrapper\"><div class=\"elementor-image-box-content\"><h5 class=\"elementor-image-box-title\">ines fennia <\/h5><p class=\"elementor-image-box-description\">Graphic Design<\/p><\/div><\/div>\t\t\t\t<\/div>\n\t\t\t\t<\/div>\n\t\t\t\t\t<\/div>\n\t\t<\/div>\n\t\t\t\t<div class=\"elementor-column elementor-col-33 elementor-inner-column elementor-element elementor-element-5cb31a9\" data-id=\"5cb31a9\" data-element_type=\"column\" data-e-type=\"column\" data-settings=\"{&quot;background_background&quot;:&quot;classic&quot;}\">\n\t\t\t<div class=\"elementor-widget-wrap elementor-element-populated\">\n\t\t\t\t\t\t<div class=\"elementor-element elementor-element-0633c20 elementor-widget elementor-widget-image\" data-id=\"0633c20\" data-element_type=\"widget\" data-e-type=\"widget\" data-widget_type=\"image.default\">\n\t\t\t\t<div class=\"elementor-widget-container\">\n\t\t\t\t\t\t\t\t\t\t\t\t\t\t\t<img loading=\"lazy\" decoding=\"async\" width=\"300\" height=\"300\" src=\"https:\/\/dtcenter.tn\/wp-content\/uploads\/2025\/03\/oUSSAMA-MARZOUK-1.webp\" class=\"attachment-large size-large wp-image-1048\" alt=\"\" srcset=\"https:\/\/dtcenter.tn\/wp-content\/uploads\/2025\/03\/oUSSAMA-MARZOUK-1.webp 300w, https:\/\/dtcenter.tn\/wp-content\/uploads\/2025\/03\/oUSSAMA-MARZOUK-1-150x150.webp 150w\" sizes=\"(max-width: 300px) 100vw, 300px\" \/>\t\t\t\t\t\t\t\t\t\t\t\t\t\t\t<\/div>\n\t\t\t\t<\/div>\n\t\t\t\t<div class=\"elementor-element elementor-element-51f11e1 elementor-widget elementor-widget-image-box\" data-id=\"51f11e1\" data-element_type=\"widget\" data-e-type=\"widget\" data-widget_type=\"image-box.default\">\n\t\t\t\t<div class=\"elementor-widget-container\">\n\t\t\t\t\t<div class=\"elementor-image-box-wrapper\"><div class=\"elementor-image-box-content\"><h5 class=\"elementor-image-box-title\">Oussama Marzouk<\/h5><p class=\"elementor-image-box-description\">Digital Marketing<\/p><\/div><\/div>\t\t\t\t<\/div>\n\t\t\t\t<\/div>\n\t\t\t\t\t<\/div>\n\t\t<\/div>\n\t\t\t\t\t<\/div>\n\t\t<\/section>\n\t\t\t\t\t<\/div>\n\t\t<\/div>\n\t\t\t\t\t<\/div>\n\t\t<\/section>\n\t\t\t\t<\/div>","protected":false},"excerpt":{"rendered":"<p>DREAM TRAINING CENTER Qui Sommes-Nous ? \u00e0 PROPOS DE NOUS ? DREAM TRAINING CENTER Depuis sa cr\u00e9ation en 2020, Dream Training Center s&rsquo;est impos\u00e9 comme un acteur cl\u00e9 dans le domaine de la formation en audiovisuel et en marketing digital en Tunisie. Aujourd&rsquo;hui, nous soufflons notre 5\u00e8me bougie, une \u00e9tape symbolique qui t\u00e9moigne de notre [&hellip;]<\/p>\n","protected":false},"author":1,"featured_media":0,"parent":0,"menu_order":0,"comment_status":"closed","ping_status":"closed","template":"","meta":{"site-sidebar-layout":"no-sidebar","site-content-layout":"page-builder","ast-site-content-layout":"full-width-container","site-content-style":"unboxed","site-sidebar-style":"unboxed","ast-global-header-display":"disabled","ast-banner-title-visibility":"disabled","ast-main-header-display":"","ast-hfb-above-header-display":"","ast-hfb-below-header-display":"","ast-hfb-mobile-header-display":"","site-post-title":"disabled","ast-breadcrumbs-content":"","ast-featured-img":"disabled","footer-sml-layout":"disabled","theme-transparent-header-meta":"enabled","adv-header-id-meta":"","stick-header-meta":"","header-above-stick-meta":"","header-main-stick-meta":"","header-below-stick-meta":"","astra-migrate-meta-layouts":"set","ast-page-background-enabled":"default","ast-page-background-meta":{"desktop":{"background-color":"","background-image":"","background-repeat":"repeat","background-position":"center center","background-size":"auto","background-attachment":"scroll","background-type":"","background-media":"","overlay-type":"","overlay-color":"","overlay-opacity":"","overlay-gradient":""},"tablet":{"background-color":"","background-image":"","background-repeat":"repeat","background-position":"center center","background-size":"auto","background-attachment":"scroll","background-type":"","background-media":"","overlay-type":"","overlay-color":"","overlay-opacity":"","overlay-gradient":""},"mobile":{"background-color":"","background-image":"","background-repeat":"repeat","background-position":"center center","background-size":"auto","background-attachment":"scroll","background-type":"","background-media":"","overlay-type":"","overlay-color":"","overlay-opacity":"","overlay-gradient":""}},"ast-content-background-meta":{"desktop":{"background-color":"var(--ast-global-color-5)","background-image":"","background-repeat":"repeat","background-position":"center center","background-size":"auto","background-attachment":"scroll","background-type":"","background-media":"","overlay-type":"","overlay-color":"","overlay-opacity":"","overlay-gradient":""},"tablet":{"background-color":"var(--ast-global-color-5)","background-image":"","background-repeat":"repeat","background-position":"center center","background-size":"auto","background-attachment":"scroll","background-type":"","background-media":"","overlay-type":"","overlay-color":"","overlay-opacity":"","overlay-gradient":""},"mobile":{"background-color":"var(--ast-global-color-5)","background-image":"","background-repeat":"repeat","background-position":"center center","background-size":"auto","background-attachment":"scroll","background-type":"","background-media":"","overlay-type":"","overlay-color":"","overlay-opacity":"","overlay-gradient":""}},"footnotes":""},"class_list":["post-1022","page","type-page","status-publish","hentry"],"_links":{"self":[{"href":"https:\/\/dtcenter.tn\/en\/wp-json\/wp\/v2\/pages\/1022","targetHints":{"allow":["GET"]}}],"collection":[{"href":"https:\/\/dtcenter.tn\/en\/wp-json\/wp\/v2\/pages"}],"about":[{"href":"https:\/\/dtcenter.tn\/en\/wp-json\/wp\/v2\/types\/page"}],"author":[{"embeddable":true,"href":"https:\/\/dtcenter.tn\/en\/wp-json\/wp\/v2\/users\/1"}],"replies":[{"embeddable":true,"href":"https:\/\/dtcenter.tn\/en\/wp-json\/wp\/v2\/comments?post=1022"}],"version-history":[{"count":31,"href":"https:\/\/dtcenter.tn\/en\/wp-json\/wp\/v2\/pages\/1022\/revisions"}],"predecessor-version":[{"id":1420,"href":"https:\/\/dtcenter.tn\/en\/wp-json\/wp\/v2\/pages\/1022\/revisions\/1420"}],"wp:attachment":[{"href":"https:\/\/dtcenter.tn\/en\/wp-json\/wp\/v2\/media?parent=1022"}],"curies":[{"name":"wp","href":"https:\/\/api.w.org\/{rel}","templated":true}]}}